{"id":10,"date":"2018-05-31T16:21:36","date_gmt":"2018-05-31T16:21:36","guid":{"rendered":"https:\/\/minditconsulting.com\/english\/?page_id=10"},"modified":"2023-08-31T22:44:58","modified_gmt":"2023-08-31T22:44:58","slug":"work-team","status":"publish","type":"page","link":"https:\/\/minditconsulting.com\/english\/work-team\/","title":{"rendered":"Work Team"},"content":{"rendered":"<section class=\"cs-section cs-section-cover-bg\" style=\"background-image: url(https:\/\/minditconsulting.com\/english\/wp-content\/uploads\/2018\/06\/panel-azul-mind-it-consulting.png); background-repeat: no-repeat; background-position: 0% 100%;\"><div class=\"container\"><div class=\"row\"><div class=\"col-md-12\"><div class=\"cs-column-inner\">[vc_empty_space][vc_custom_heading source=\u00bbpost_title\u00bb font_container=\u00bbtag:h1|text_align:left|color:%23000000&#8243; use_theme_fonts=\u00bbyes\u00bb][vc_empty_space]<\/div><\/div><\/div><\/div><\/section><section class=\"cs-section xs-padding\" style=\"background-image: url(https:\/\/minditconsulting.com\/english\/wp-content\/uploads\/2018\/06\/equipo-trabajo2-mind-it-consulting.png); background-repeat: no-repeat;\"><div class=\"container\"><div class=\"row\"><div class=\"col-md-8\"><div class=\"cs-column-inner\">[vc_empty_space height=\u00bb324px\u00bb]<\/div><\/div><div class=\"col-md-4\"><div class=\"cs-column-inner\">[vc_empty_space height=\u00bb100px\u00bb]<div class=\"cs-column-text\"><h3>MIND IT organization is structured as follows:<\/h3>\n<\/div><\/div><\/div><\/div><\/div><\/section><section class=\"cs-section xs-padding\"><div class=\"container\"><div class=\"row\"><div class=\"col-md-6\"><div class=\"cs-column-inner\">[vc_single_image image=\u00bb304&#8243; img_size=\u00bbmedium\u00bb style=\u00bbvc_box_circle_2&#8243;][vc_separator style=\u00bbshadow\u00bb border_width=\u00bb5&#8243;]<div class=\"cs-column-text\"><p><strong>Gonzalo Orellana<\/strong><\/p>\n<p><span style=\"font-weight: 400;\">(Director)<\/span><\/p>\n<p><span style=\"font-weight: 400;\">\u201cExecutive with over 40 years\u2019 experience in Professional Services and Information Technology Consulting, assisting technical and management responsibility areas in Latin American countries for recognized IT companies such as EDS and IBM.\u00a0<\/span><\/p>\n<p><span style=\"font-weight: 400;\">Experience in the establishment and development of IT Professional Service Organizations in some countries in the Latin American region.\u00a0 Information Technology Management, Operations, Applications\u2019 development and maintenance. Also implementing information technology projects with leadership on multidisciplinary equipment and international consultants.<\/span><\/p>\n<p><span style=\"font-weight: 400;\">Professional with studies in Information Technology areas, System\u2019s Integration, Strategic Outsourcing, Systems Management, Sales and Marketing, among them; completed the special program to develop the Business Executive and IT Marketing Services Professional in Dallas, Texas in 1989 at EDS Corporation\u201d<\/span><\/p>\n<\/div><\/div><\/div><div class=\"col-md-6\"><div class=\"cs-column-inner\"><\/div><\/div><\/div><\/div><\/section><section class=\"cs-section\"><div class=\"container\"><div class=\"row\"><div class=\"col-md-12\"><div class=\"cs-column-inner\"><div class=\"cs-column-text\"><h3><span style=\"color: #3e91cf;\">Technical Specialists in Latin America:<\/span><\/h3>\n<p><b>MIND IT Consulting<\/b><span style=\"font-weight: 400;\">\u00a0has a team of over 50 technical specialist professionals distributed in the Latin America territory, of which more than 65% have a higher education, over 45% have recognized technological certifications, with an average experience of more than 15 years assisting users and technology projects.\u00a0<\/span><\/p>\n<p><span style=\"font-weight: 400;\">Some of the brands to which technical support is provided are: IBM, HP (HPE), DELL EMC, VMware, Microsoft, RSA, Symantec, Cisco, Oracle, SAP, Juniper, Nett App, CA, Adobe, PeopleSoft, Baan, JD Edwards, Lenovo, Amdocs, Alcatel-Lucent, Ericsson, NEC, Ricoh, Samsung, Toshiba, Xerox, among others.<\/span><\/p>\n<p><span style=\"font-weight: 400;\">Technical support offered in different IT areas, among them: Data center, networking, telecommunications, mainframe, midrange, servers, distributed environments, data bases, cloud computing, storage, virtualization, security, backups, administration, project management, others.<\/span><\/p>\n<p><span style=\"font-weight: 400;\">Our specialists provide coverage 24 hours a day 365 days a year<\/span><\/p>\n<\/div><\/div><\/div><\/div><\/div><\/section><section class=\"cs-section\" style=\" background-color: #eaeaea;\"><div class=\"container\"><div class=\"row\"><div class=\"col-md-4\"><div class=\"cs-column-inner\"><\/div><\/div><div class=\"col-md-4\"><div class=\"cs-column-inner\">[vc_btn title=\u00bbBack to Home\u00bb color=\u00bbprimary\u00bb align=\u00bbcenter\u00bb button_block=\u00bbtrue\u00bb link=\u00bburl:https%3A%2F%2Fminditconsulting.com%2Fenglish%2F|||\u00bb]<\/div><\/div><div class=\"col-md-4\"><div class=\"cs-column-inner\"><\/div><\/div><\/div><\/div><\/section>\n","protected":false},"excerpt":{"rendered":"<p><span class=\"entry-read-more\"><a href=\"https:\/\/minditconsulting.com\/english\/work-team\/\" class=\"cs-btn cs-btn-flat cs-btn-rounded cs-btn-xxs cs-btn-flat-accent\">Leer m\u00e1s<\/a><\/span><\/p>\n","protected":false},"author":1,"featured_media":0,"parent":0,"menu_order":0,"comment_status":"closed","ping_status":"closed","template":"","meta":{"_mi_skip_tracking":false,"_exactmetrics_sitenote_active":false,"_exactmetrics_sitenote_note":"","_exactmetrics_sitenote_category":0,"footnotes":"","_joinchat":[]},"yoast_head":"<!-- This site is optimized with the Yoast SEO plugin v21.0 - https:\/\/yoast.com\/wordpress\/plugins\/seo\/ -->\n<title>Work Team - Mind IT Consulting<\/title>\n<meta name=\"description\" content=\"Contamos con m\u00e1s de 50 especialistas t\u00e9cnicos distribuidos en el territorio latinoamericano. Soporte t\u00e9cnico en distintas \u00e1reas de TI \u00a1Cont\u00e1ctenos ahora!\" \/>\n<meta name=\"robots\" content=\"index, follow, max-snippet:-1, max-image-preview:large, max-video-preview:-1\" \/>\n<link rel=\"canonical\" href=\"https:\/\/minditconsulting.com\/english\/work-team\/\" \/>\n<meta property=\"og:locale\" content=\"es_ES\" \/>\n<meta property=\"og:type\" content=\"article\" \/>\n<meta property=\"og:title\" content=\"Work Team - Mind IT Consulting\" \/>\n<meta property=\"og:description\" content=\"Contamos con m\u00e1s de 50 especialistas t\u00e9cnicos distribuidos en el territorio latinoamericano. Soporte t\u00e9cnico en distintas \u00e1reas de TI \u00a1Cont\u00e1ctenos ahora!\" \/>\n<meta property=\"og:url\" content=\"https:\/\/minditconsulting.com\/english\/work-team\/\" \/>\n<meta property=\"og:site_name\" content=\"Mind IT Consulting\" \/>\n<meta property=\"article:modified_time\" content=\"2023-08-31T22:44:58+00:00\" \/>\n<meta name=\"twitter:card\" content=\"summary_large_image\" \/>\n<meta name=\"twitter:label1\" content=\"Tiempo de lectura\" \/>\n\t<meta name=\"twitter:data1\" content=\"2 minutos\" \/>\n<script type=\"application\/ld+json\" class=\"yoast-schema-graph\">{\"@context\":\"https:\/\/schema.org\",\"@graph\":[{\"@type\":\"WebPage\",\"@id\":\"https:\/\/minditconsulting.com\/english\/work-team\/\",\"url\":\"https:\/\/minditconsulting.com\/english\/work-team\/\",\"name\":\"Work Team - Mind IT Consulting\",\"isPartOf\":{\"@id\":\"https:\/\/minditconsulting.com\/english\/#website\"},\"datePublished\":\"2018-05-31T16:21:36+00:00\",\"dateModified\":\"2023-08-31T22:44:58+00:00\",\"description\":\"Contamos con m\u00e1s de 50 especialistas t\u00e9cnicos distribuidos en el territorio latinoamericano. Soporte t\u00e9cnico en distintas \u00e1reas de TI \u00a1Cont\u00e1ctenos ahora!\",\"breadcrumb\":{\"@id\":\"https:\/\/minditconsulting.com\/english\/work-team\/#breadcrumb\"},\"inLanguage\":\"es\",\"potentialAction\":[{\"@type\":\"ReadAction\",\"target\":[\"https:\/\/minditconsulting.com\/english\/work-team\/\"]}]},{\"@type\":\"BreadcrumbList\",\"@id\":\"https:\/\/minditconsulting.com\/english\/work-team\/#breadcrumb\",\"itemListElement\":[{\"@type\":\"ListItem\",\"position\":1,\"name\":\"Portada\",\"item\":\"https:\/\/minditconsulting.com\/english\/\"},{\"@type\":\"ListItem\",\"position\":2,\"name\":\"Work Team\"}]},{\"@type\":\"WebSite\",\"@id\":\"https:\/\/minditconsulting.com\/english\/#website\",\"url\":\"https:\/\/minditconsulting.com\/english\/\",\"name\":\"Mind IT Consulting\",\"description\":\"Support, Attention to Services and IT Emergencies\",\"potentialAction\":[{\"@type\":\"SearchAction\",\"target\":{\"@type\":\"EntryPoint\",\"urlTemplate\":\"https:\/\/minditconsulting.com\/english\/?s={search_term_string}\"},\"query-input\":\"required name=search_term_string\"}],\"inLanguage\":\"es\"}]}<\/script>\n<!-- \/ Yoast SEO plugin. -->","yoast_head_json":{"title":"Work Team - Mind IT Consulting","description":"Contamos con m\u00e1s de 50 especialistas t\u00e9cnicos distribuidos en el territorio latinoamericano. Soporte t\u00e9cnico en distintas \u00e1reas de TI \u00a1Cont\u00e1ctenos ahora!","robots":{"index":"index","follow":"follow","max-snippet":"max-snippet:-1","max-image-preview":"max-image-preview:large","max-video-preview":"max-video-preview:-1"},"canonical":"https:\/\/minditconsulting.com\/english\/work-team\/","og_locale":"es_ES","og_type":"article","og_title":"Work Team - Mind IT Consulting","og_description":"Contamos con m\u00e1s de 50 especialistas t\u00e9cnicos distribuidos en el territorio latinoamericano. Soporte t\u00e9cnico en distintas \u00e1reas de TI \u00a1Cont\u00e1ctenos ahora!","og_url":"https:\/\/minditconsulting.com\/english\/work-team\/","og_site_name":"Mind IT Consulting","article_modified_time":"2023-08-31T22:44:58+00:00","twitter_card":"summary_large_image","twitter_misc":{"Tiempo de lectura":"2 minutos"},"schema":{"@context":"https:\/\/schema.org","@graph":[{"@type":"WebPage","@id":"https:\/\/minditconsulting.com\/english\/work-team\/","url":"https:\/\/minditconsulting.com\/english\/work-team\/","name":"Work Team - Mind IT Consulting","isPartOf":{"@id":"https:\/\/minditconsulting.com\/english\/#website"},"datePublished":"2018-05-31T16:21:36+00:00","dateModified":"2023-08-31T22:44:58+00:00","description":"Contamos con m\u00e1s de 50 especialistas t\u00e9cnicos distribuidos en el territorio latinoamericano. Soporte t\u00e9cnico en distintas \u00e1reas de TI \u00a1Cont\u00e1ctenos ahora!","breadcrumb":{"@id":"https:\/\/minditconsulting.com\/english\/work-team\/#breadcrumb"},"inLanguage":"es","potentialAction":[{"@type":"ReadAction","target":["https:\/\/minditconsulting.com\/english\/work-team\/"]}]},{"@type":"BreadcrumbList","@id":"https:\/\/minditconsulting.com\/english\/work-team\/#breadcrumb","itemListElement":[{"@type":"ListItem","position":1,"name":"Portada","item":"https:\/\/minditconsulting.com\/english\/"},{"@type":"ListItem","position":2,"name":"Work Team"}]},{"@type":"WebSite","@id":"https:\/\/minditconsulting.com\/english\/#website","url":"https:\/\/minditconsulting.com\/english\/","name":"Mind IT Consulting","description":"Support, Attention to Services and IT Emergencies","potentialAction":[{"@type":"SearchAction","target":{"@type":"EntryPoint","urlTemplate":"https:\/\/minditconsulting.com\/english\/?s={search_term_string}"},"query-input":"required name=search_term_string"}],"inLanguage":"es"}]}},"_links":{"self":[{"href":"https:\/\/minditconsulting.com\/english\/wp-json\/wp\/v2\/pages\/10"}],"collection":[{"href":"https:\/\/minditconsulting.com\/english\/wp-json\/wp\/v2\/pages"}],"about":[{"href":"https:\/\/minditconsulting.com\/english\/wp-json\/wp\/v2\/types\/page"}],"author":[{"embeddable":true,"href":"https:\/\/minditconsulting.com\/english\/wp-json\/wp\/v2\/users\/1"}],"replies":[{"embeddable":true,"href":"https:\/\/minditconsulting.com\/english\/wp-json\/wp\/v2\/comments?post=10"}],"version-history":[{"count":30,"href":"https:\/\/minditconsulting.com\/english\/wp-json\/wp\/v2\/pages\/10\/revisions"}],"predecessor-version":[{"id":558,"href":"https:\/\/minditconsulting.com\/english\/wp-json\/wp\/v2\/pages\/10\/revisions\/558"}],"wp:attachment":[{"href":"https:\/\/minditconsulting.com\/english\/wp-json\/wp\/v2\/media?parent=10"}],"curies":[{"name":"wp","href":"https:\/\/api.w.org\/{rel}","templated":true}]}}