{"id":16,"date":"2018-05-31T16:22:57","date_gmt":"2018-05-31T16:22:57","guid":{"rendered":"https:\/\/minditconsulting.com\/english\/?page_id=16"},"modified":"2020-05-11T16:13:15","modified_gmt":"2020-05-11T16:13:15","slug":"on-site-it-technical-specialists","status":"publish","type":"page","link":"https:\/\/minditconsulting.com\/english\/on-site-it-technical-specialists\/","title":{"rendered":"On-site IT Technical Specialists"},"content":{"rendered":"<section class=\"cs-section cs-section-cover-bg\" style=\"background-image: url(https:\/\/minditconsulting.com\/english\/wp-content\/uploads\/2018\/06\/panel-azul-mind-it-consulting.png); background-repeat: no-repeat; background-position: 0% 100%;\"><div class=\"container\"><div class=\"row\"><div class=\"col-md-12\"><div class=\"cs-column-inner\">[vc_empty_space][vc_custom_heading source=\u00bbpost_title\u00bb font_container=\u00bbtag:h1|text_align:left|color:%23000000&#8243; use_theme_fonts=\u00bbyes\u00bb][vc_empty_space]<\/div><\/div><\/div><\/div><\/section><section class=\"cs-section\" style=\"background-image: url(https:\/\/minditconsulting.com\/english\/wp-content\/uploads\/2018\/06\/residentes-on-site2-imagen-mind-it-consulting.png); background-repeat: no-repeat;\"><div class=\"container\"><div class=\"row\"><div class=\"col-md-6\"><div class=\"cs-column-inner\">[vc_empty_space height=\u00bb324px\u00bb]<\/div><\/div><div class=\"col-md-6\"><div class=\"cs-column-inner\">[vc_empty_space]<div class=\"cs-column-text\"><p><span style=\"font-weight: 400;\">This service is oriented to provide on-site the availability of Technical Specialists for the required time; this in order to assist you in the operation and environment administration needs, such as: PC\u2019s, laptops, servers, printers, databases, storage, backups, virtualization, safety, among others.\u00a0<\/span><\/p>\n<p><b>You may consider the requirement of this service for various reasons, among them:<\/b><\/p>\n<ul>\n<li style=\"list-style-type: none;\">\n<ul>\n<li style=\"font-weight: 400;\"><span style=\"font-weight: 400;\">You need an IT resource for technical support and\/or users\u2019 attention during a sustained period, but does not merit your dedication of 100% of your time.<\/span><\/li>\n<\/ul>\n<\/li>\n<\/ul>\n<ul>\n<li style=\"list-style-type: none;\">\n<ul>\n<li style=\"font-weight: 400;\"><span style=\"font-weight: 400;\">Your business requires to reinforce in a temporary manner its team of Technical Specialists to look after transformation projects in the computing area.\u00a0<\/span><\/li>\n<\/ul>\n<\/li>\n<\/ul>\n<ul>\n<li style=\"list-style-type: none;\">\n<ul>\n<li style=\"font-weight: 400;\"><span style=\"font-weight: 400;\">You need a specialized IT support for finite periods of time that do not require a permanent hiring.<\/span><\/li>\n<\/ul>\n<\/li>\n<\/ul>\n<ul>\n<li style=\"font-weight: 400;\"><span style=\"font-weight: 400;\">A critic IT resource resigned and you do not count with a replacement or the resource must be absent due to vacation, leave of absence or any other reason.\u00a0<\/span><\/li>\n<\/ul>\n<p><span style=\"font-weight: 400;\">Depending on the required time of the specialized resources and the scope of the services to be provided, a detailed evaluation will be performed; for a joint elaboration of a competitive and valuable proposal in terms of economic and technical terms. <\/span><\/p>\n<\/div>[vc_empty_space][vc_btn title=\u00bbBack to home\u00bb color=\u00bbprimary\u00bb align=\u00bbcenter\u00bb button_block=\u00bbtrue\u00bb link=\u00bburl:https%3A%2F%2Fminditconsulting.com%2Fenglish%2F|||\u00bb]<\/div><\/div><\/div><\/div><\/section><section class=\"cs-section sm-padding\" style=\" background-color: #eaeaea;\"><div class=\"container\"><div class=\"row\"><div class=\"col-md-12\"><div class=\"cs-column-inner\"><div class=\"cs-column-text\"><h4 style=\"text-align: center;\"><b><i>Do you need expert assessment? Fill in the following format in order to help you.<\/i><\/b><\/h4>\n<\/div>[vc_empty_space][dhvc_form id=\u00bb167&#8243;]<\/div><\/div><\/div><\/div><\/section><div class=\"col-md-6\"><div class=\"cs-column-inner\"><\/div><\/div>\n","protected":false},"excerpt":{"rendered":"<p><span class=\"entry-read-more\"><a href=\"https:\/\/minditconsulting.com\/english\/on-site-it-technical-specialists\/\" class=\"cs-btn cs-btn-flat cs-btn-rounded cs-btn-xxs cs-btn-flat-accent\">Leer m\u00e1s<\/a><\/span><\/p>\n","protected":false},"author":1,"featured_media":0,"parent":0,"menu_order":0,"comment_status":"closed","ping_status":"closed","template":"","meta":{"_mi_skip_tracking":false,"_exactmetrics_sitenote_active":false,"_exactmetrics_sitenote_note":"","_exactmetrics_sitenote_category":0,"footnotes":"","_joinchat":[]},"yoast_head":"<!-- This site is optimized with the Yoast SEO plugin v21.0 - https:\/\/yoast.com\/wordpress\/plugins\/seo\/ -->\n<title>On-site IT Technical Specialists - Mind IT Consulting<\/title>\n<meta name=\"description\" content=\"\u00bfNecesita un recurso de TI? Especialistas t\u00e9cnicos por el tiempo que usted lo requiera para atender las necesidades de su \u00e1rea de inform\u00e1tica. \u00a1Cont\u00e1ctenos!\" \/>\n<meta name=\"robots\" content=\"index, follow, max-snippet:-1, max-image-preview:large, max-video-preview:-1\" \/>\n<link rel=\"canonical\" href=\"https:\/\/minditconsulting.com\/english\/on-site-it-technical-specialists\/\" \/>\n<meta property=\"og:locale\" content=\"es_ES\" \/>\n<meta property=\"og:type\" content=\"article\" \/>\n<meta property=\"og:title\" content=\"On-site IT Technical Specialists - Mind IT Consulting\" \/>\n<meta property=\"og:description\" content=\"\u00bfNecesita un recurso de TI? Especialistas t\u00e9cnicos por el tiempo que usted lo requiera para atender las necesidades de su \u00e1rea de inform\u00e1tica. \u00a1Cont\u00e1ctenos!\" \/>\n<meta property=\"og:url\" content=\"https:\/\/minditconsulting.com\/english\/on-site-it-technical-specialists\/\" \/>\n<meta property=\"og:site_name\" content=\"Mind IT Consulting\" \/>\n<meta property=\"article:modified_time\" content=\"2020-05-11T16:13:15+00:00\" \/>\n<meta name=\"twitter:card\" content=\"summary_large_image\" \/>\n<meta name=\"twitter:label1\" content=\"Tiempo de lectura\" \/>\n\t<meta name=\"twitter:data1\" content=\"2 minutos\" \/>\n<script type=\"application\/ld+json\" class=\"yoast-schema-graph\">{\"@context\":\"https:\/\/schema.org\",\"@graph\":[{\"@type\":\"WebPage\",\"@id\":\"https:\/\/minditconsulting.com\/english\/on-site-it-technical-specialists\/\",\"url\":\"https:\/\/minditconsulting.com\/english\/on-site-it-technical-specialists\/\",\"name\":\"On-site IT Technical Specialists - Mind IT Consulting\",\"isPartOf\":{\"@id\":\"https:\/\/minditconsulting.com\/english\/#website\"},\"datePublished\":\"2018-05-31T16:22:57+00:00\",\"dateModified\":\"2020-05-11T16:13:15+00:00\",\"description\":\"\u00bfNecesita un recurso de TI? Especialistas t\u00e9cnicos por el tiempo que usted lo requiera para atender las necesidades de su \u00e1rea de inform\u00e1tica. \u00a1Cont\u00e1ctenos!\",\"breadcrumb\":{\"@id\":\"https:\/\/minditconsulting.com\/english\/on-site-it-technical-specialists\/#breadcrumb\"},\"inLanguage\":\"es\",\"potentialAction\":[{\"@type\":\"ReadAction\",\"target\":[\"https:\/\/minditconsulting.com\/english\/on-site-it-technical-specialists\/\"]}]},{\"@type\":\"BreadcrumbList\",\"@id\":\"https:\/\/minditconsulting.com\/english\/on-site-it-technical-specialists\/#breadcrumb\",\"itemListElement\":[{\"@type\":\"ListItem\",\"position\":1,\"name\":\"Portada\",\"item\":\"https:\/\/minditconsulting.com\/english\/\"},{\"@type\":\"ListItem\",\"position\":2,\"name\":\"On-site IT Technical Specialists\"}]},{\"@type\":\"WebSite\",\"@id\":\"https:\/\/minditconsulting.com\/english\/#website\",\"url\":\"https:\/\/minditconsulting.com\/english\/\",\"name\":\"Mind IT Consulting\",\"description\":\"Support, Attention to Services and IT Emergencies\",\"potentialAction\":[{\"@type\":\"SearchAction\",\"target\":{\"@type\":\"EntryPoint\",\"urlTemplate\":\"https:\/\/minditconsulting.com\/english\/?s={search_term_string}\"},\"query-input\":\"required name=search_term_string\"}],\"inLanguage\":\"es\"}]}<\/script>\n<!-- \/ Yoast SEO plugin. -->","yoast_head_json":{"title":"On-site IT Technical Specialists - Mind IT Consulting","description":"\u00bfNecesita un recurso de TI? Especialistas t\u00e9cnicos por el tiempo que usted lo requiera para atender las necesidades de su \u00e1rea de inform\u00e1tica. \u00a1Cont\u00e1ctenos!","robots":{"index":"index","follow":"follow","max-snippet":"max-snippet:-1","max-image-preview":"max-image-preview:large","max-video-preview":"max-video-preview:-1"},"canonical":"https:\/\/minditconsulting.com\/english\/on-site-it-technical-specialists\/","og_locale":"es_ES","og_type":"article","og_title":"On-site IT Technical Specialists - Mind IT Consulting","og_description":"\u00bfNecesita un recurso de TI? Especialistas t\u00e9cnicos por el tiempo que usted lo requiera para atender las necesidades de su \u00e1rea de inform\u00e1tica. \u00a1Cont\u00e1ctenos!","og_url":"https:\/\/minditconsulting.com\/english\/on-site-it-technical-specialists\/","og_site_name":"Mind IT Consulting","article_modified_time":"2020-05-11T16:13:15+00:00","twitter_card":"summary_large_image","twitter_misc":{"Tiempo de lectura":"2 minutos"},"schema":{"@context":"https:\/\/schema.org","@graph":[{"@type":"WebPage","@id":"https:\/\/minditconsulting.com\/english\/on-site-it-technical-specialists\/","url":"https:\/\/minditconsulting.com\/english\/on-site-it-technical-specialists\/","name":"On-site IT Technical Specialists - Mind IT Consulting","isPartOf":{"@id":"https:\/\/minditconsulting.com\/english\/#website"},"datePublished":"2018-05-31T16:22:57+00:00","dateModified":"2020-05-11T16:13:15+00:00","description":"\u00bfNecesita un recurso de TI? Especialistas t\u00e9cnicos por el tiempo que usted lo requiera para atender las necesidades de su \u00e1rea de inform\u00e1tica. \u00a1Cont\u00e1ctenos!","breadcrumb":{"@id":"https:\/\/minditconsulting.com\/english\/on-site-it-technical-specialists\/#breadcrumb"},"inLanguage":"es","potentialAction":[{"@type":"ReadAction","target":["https:\/\/minditconsulting.com\/english\/on-site-it-technical-specialists\/"]}]},{"@type":"BreadcrumbList","@id":"https:\/\/minditconsulting.com\/english\/on-site-it-technical-specialists\/#breadcrumb","itemListElement":[{"@type":"ListItem","position":1,"name":"Portada","item":"https:\/\/minditconsulting.com\/english\/"},{"@type":"ListItem","position":2,"name":"On-site IT Technical Specialists"}]},{"@type":"WebSite","@id":"https:\/\/minditconsulting.com\/english\/#website","url":"https:\/\/minditconsulting.com\/english\/","name":"Mind IT Consulting","description":"Support, Attention to Services and IT Emergencies","potentialAction":[{"@type":"SearchAction","target":{"@type":"EntryPoint","urlTemplate":"https:\/\/minditconsulting.com\/english\/?s={search_term_string}"},"query-input":"required name=search_term_string"}],"inLanguage":"es"}]}},"_links":{"self":[{"href":"https:\/\/minditconsulting.com\/english\/wp-json\/wp\/v2\/pages\/16"}],"collection":[{"href":"https:\/\/minditconsulting.com\/english\/wp-json\/wp\/v2\/pages"}],"about":[{"href":"https:\/\/minditconsulting.com\/english\/wp-json\/wp\/v2\/types\/page"}],"author":[{"embeddable":true,"href":"https:\/\/minditconsulting.com\/english\/wp-json\/wp\/v2\/users\/1"}],"replies":[{"embeddable":true,"href":"https:\/\/minditconsulting.com\/english\/wp-json\/wp\/v2\/comments?post=16"}],"version-history":[{"count":12,"href":"https:\/\/minditconsulting.com\/english\/wp-json\/wp\/v2\/pages\/16\/revisions"}],"predecessor-version":[{"id":544,"href":"https:\/\/minditconsulting.com\/english\/wp-json\/wp\/v2\/pages\/16\/revisions\/544"}],"wp:attachment":[{"href":"https:\/\/minditconsulting.com\/english\/wp-json\/wp\/v2\/media?parent=16"}],"curies":[{"name":"wp","href":"https:\/\/api.w.org\/{rel}","templated":true}]}}