{"id":66,"date":"2018-05-31T21:43:39","date_gmt":"2018-05-31T21:43:39","guid":{"rendered":"https:\/\/minditconsulting.com\/english\/?page_id=66"},"modified":"2020-04-23T16:43:09","modified_gmt":"2020-04-23T16:43:09","slug":"outsourcing","status":"publish","type":"page","link":"https:\/\/minditconsulting.com\/english\/outsourcing\/","title":{"rendered":"Outsourcing"},"content":{"rendered":"<section class=\"cs-section cs-section-cover-bg\" style=\"background-image: url(https:\/\/minditconsulting.com\/english\/wp-content\/uploads\/2018\/06\/panel-azul-mind-it-consulting.png); background-repeat: no-repeat; background-position: 0% 100%;\"><div class=\"container\"><div class=\"row\"><div class=\"col-md-8\"><div class=\"cs-column-inner\">[vc_empty_space][vc_custom_heading source=\u00bbpost_title\u00bb font_container=\u00bbtag:h1|text_align:left|color:%23000000&#8243; use_theme_fonts=\u00bbyes\u00bb][vc_empty_space]<\/div><\/div><div class=\"col-md-4\"><div class=\"cs-column-inner\"><\/div><\/div><\/div><\/div><\/section><section class=\"cs-section\" style=\"background-image: url(https:\/\/minditconsulting.com\/english\/wp-content\/uploads\/2018\/06\/administracion-dpto-informatica22-imagen-mind-it-consulting.png); background-repeat: no-repeat;\"><div class=\"container\"><div class=\"row\"><div class=\"col-md-6\"><div class=\"cs-column-inner\">[vc_empty_space height=\u00bb324px\u00bb]<\/div><\/div><div class=\"col-md-6\"><div class=\"cs-column-inner\">[vc_empty_space]<div class=\"cs-column-text\"><p><span style=\"font-weight: 400;\">This service consists in the operation and administration of the Department of Computing or Systems through the establishment of medium or long term outsourcing contracts.\u00a0<\/span><\/p>\n<p><span style=\"font-weight: 400;\">This service can be valuable for your company if you have a medium or small IT environment that needs to maintain and operate, but has a certain limitation of expense budget as to count with a permanent payroll of Technical Specialists, required to provide support to the IT area and business users during periods of at least 6 months to a year.<\/span><\/p>\n<p><span style=\"font-weight: 400;\">We have the capacity, experience, and \u201cknow-how\u201d to operate and administer your Computing or System\u2019s Department. We have the technical resources to cover all the areas of technology.<\/span><\/p>\n<p><span style=\"font-weight: 400;\">In addition to recurring management and operation of the Computing or Systems area, these contracts also include: Evaluation of the IT area, identification of critical areas, handling of own IT personnel and that of the client\u2019s if available, optimization and improvement plan in all the IT areas, inventory survey of active equipment, expired and active support contracts, administration of IT personnel (evaluation, selection, hiring, management), review of contracts with suppliers, management and operation of IT Global environment, handling service levels, deliver results periodically.<\/span><\/p>\n<\/div>[vc_empty_space][vc_btn title=\u00bbVolver al inicio\u00bb color=\u00bbprimary\u00bb align=\u00bbcenter\u00bb button_block=\u00bbtrue\u00bb link=\u00bburl:https%3A%2F%2Fminditconsulting.com%2Fenglish%2F|||\u00bb]<\/div><\/div><\/div><\/div><\/section><section class=\"cs-section sm-padding\" style=\" background-color: #eaeaea;\"><div class=\"container\"><div class=\"row\"><div class=\"col-md-12\"><div class=\"cs-column-inner\"><div class=\"cs-column-text\"><h4 style=\"text-align: center;\"><b><i>Do you need expert assessment? Fill in the following format in order to help you.<\/i><\/b><\/h4>\n<\/div>[vc_empty_space][dhvc_form id=\u00bb167&#8243;]<\/div><\/div><\/div><\/div><\/section><div class=\"col-md-6\"><div class=\"cs-column-inner\"><\/div><\/div>\n","protected":false},"excerpt":{"rendered":"<p><span class=\"entry-read-more\"><a href=\"https:\/\/minditconsulting.com\/english\/outsourcing\/\" class=\"cs-btn cs-btn-flat cs-btn-rounded cs-btn-xxs cs-btn-flat-accent\">Leer m\u00e1s<\/a><\/span><\/p>\n","protected":false},"author":1,"featured_media":0,"parent":0,"menu_order":0,"comment_status":"closed","ping_status":"closed","template":"","meta":{"_mi_skip_tracking":false,"_exactmetrics_sitenote_active":false,"_exactmetrics_sitenote_note":"","_exactmetrics_sitenote_category":0,"footnotes":"","_joinchat":[]},"yoast_head":"<!-- This site is optimized with the Yoast SEO plugin v21.0 - https:\/\/yoast.com\/wordpress\/plugins\/seo\/ -->\n<title>Outsourcing - Mind IT Consulting<\/title>\n<meta name=\"description\" content=\"Le ofrecemos los mejores recursos t\u00e9cnicos para la administraci\u00f3n de su departamento de inform\u00e1tica. Cubrimos todas las \u00e1reas de tecnolog\u00eda\u00a1Contactenos!\" \/>\n<meta name=\"robots\" content=\"index, follow, max-snippet:-1, max-image-preview:large, max-video-preview:-1\" \/>\n<link rel=\"canonical\" href=\"https:\/\/minditconsulting.com\/english\/outsourcing\/\" \/>\n<meta property=\"og:locale\" content=\"es_ES\" \/>\n<meta property=\"og:type\" content=\"article\" \/>\n<meta property=\"og:title\" content=\"Outsourcing - Mind IT Consulting\" \/>\n<meta property=\"og:description\" content=\"Le ofrecemos los mejores recursos t\u00e9cnicos para la administraci\u00f3n de su departamento de inform\u00e1tica. Cubrimos todas las \u00e1reas de tecnolog\u00eda\u00a1Contactenos!\" \/>\n<meta property=\"og:url\" content=\"https:\/\/minditconsulting.com\/english\/outsourcing\/\" \/>\n<meta property=\"og:site_name\" content=\"Mind IT Consulting\" \/>\n<meta property=\"article:modified_time\" content=\"2020-04-23T16:43:09+00:00\" \/>\n<meta name=\"twitter:card\" content=\"summary_large_image\" \/>\n<meta name=\"twitter:label1\" content=\"Tiempo de lectura\" \/>\n\t<meta name=\"twitter:data1\" content=\"2 minutos\" \/>\n<script type=\"application\/ld+json\" class=\"yoast-schema-graph\">{\"@context\":\"https:\/\/schema.org\",\"@graph\":[{\"@type\":\"WebPage\",\"@id\":\"https:\/\/minditconsulting.com\/english\/outsourcing\/\",\"url\":\"https:\/\/minditconsulting.com\/english\/outsourcing\/\",\"name\":\"Outsourcing - Mind IT Consulting\",\"isPartOf\":{\"@id\":\"https:\/\/minditconsulting.com\/english\/#website\"},\"datePublished\":\"2018-05-31T21:43:39+00:00\",\"dateModified\":\"2020-04-23T16:43:09+00:00\",\"description\":\"Le ofrecemos los mejores recursos t\u00e9cnicos para la administraci\u00f3n de su departamento de inform\u00e1tica. Cubrimos todas las \u00e1reas de tecnolog\u00eda\u00a1Contactenos!\",\"breadcrumb\":{\"@id\":\"https:\/\/minditconsulting.com\/english\/outsourcing\/#breadcrumb\"},\"inLanguage\":\"es\",\"potentialAction\":[{\"@type\":\"ReadAction\",\"target\":[\"https:\/\/minditconsulting.com\/english\/outsourcing\/\"]}]},{\"@type\":\"BreadcrumbList\",\"@id\":\"https:\/\/minditconsulting.com\/english\/outsourcing\/#breadcrumb\",\"itemListElement\":[{\"@type\":\"ListItem\",\"position\":1,\"name\":\"Portada\",\"item\":\"https:\/\/minditconsulting.com\/english\/\"},{\"@type\":\"ListItem\",\"position\":2,\"name\":\"Outsourcing\"}]},{\"@type\":\"WebSite\",\"@id\":\"https:\/\/minditconsulting.com\/english\/#website\",\"url\":\"https:\/\/minditconsulting.com\/english\/\",\"name\":\"Mind IT Consulting\",\"description\":\"Support, Attention to Services and IT Emergencies\",\"potentialAction\":[{\"@type\":\"SearchAction\",\"target\":{\"@type\":\"EntryPoint\",\"urlTemplate\":\"https:\/\/minditconsulting.com\/english\/?s={search_term_string}\"},\"query-input\":\"required name=search_term_string\"}],\"inLanguage\":\"es\"}]}<\/script>\n<!-- \/ Yoast SEO plugin. -->","yoast_head_json":{"title":"Outsourcing - Mind IT Consulting","description":"Le ofrecemos los mejores recursos t\u00e9cnicos para la administraci\u00f3n de su departamento de inform\u00e1tica. Cubrimos todas las \u00e1reas de tecnolog\u00eda\u00a1Contactenos!","robots":{"index":"index","follow":"follow","max-snippet":"max-snippet:-1","max-image-preview":"max-image-preview:large","max-video-preview":"max-video-preview:-1"},"canonical":"https:\/\/minditconsulting.com\/english\/outsourcing\/","og_locale":"es_ES","og_type":"article","og_title":"Outsourcing - Mind IT Consulting","og_description":"Le ofrecemos los mejores recursos t\u00e9cnicos para la administraci\u00f3n de su departamento de inform\u00e1tica. Cubrimos todas las \u00e1reas de tecnolog\u00eda\u00a1Contactenos!","og_url":"https:\/\/minditconsulting.com\/english\/outsourcing\/","og_site_name":"Mind IT Consulting","article_modified_time":"2020-04-23T16:43:09+00:00","twitter_card":"summary_large_image","twitter_misc":{"Tiempo de lectura":"2 minutos"},"schema":{"@context":"https:\/\/schema.org","@graph":[{"@type":"WebPage","@id":"https:\/\/minditconsulting.com\/english\/outsourcing\/","url":"https:\/\/minditconsulting.com\/english\/outsourcing\/","name":"Outsourcing - Mind IT Consulting","isPartOf":{"@id":"https:\/\/minditconsulting.com\/english\/#website"},"datePublished":"2018-05-31T21:43:39+00:00","dateModified":"2020-04-23T16:43:09+00:00","description":"Le ofrecemos los mejores recursos t\u00e9cnicos para la administraci\u00f3n de su departamento de inform\u00e1tica. Cubrimos todas las \u00e1reas de tecnolog\u00eda\u00a1Contactenos!","breadcrumb":{"@id":"https:\/\/minditconsulting.com\/english\/outsourcing\/#breadcrumb"},"inLanguage":"es","potentialAction":[{"@type":"ReadAction","target":["https:\/\/minditconsulting.com\/english\/outsourcing\/"]}]},{"@type":"BreadcrumbList","@id":"https:\/\/minditconsulting.com\/english\/outsourcing\/#breadcrumb","itemListElement":[{"@type":"ListItem","position":1,"name":"Portada","item":"https:\/\/minditconsulting.com\/english\/"},{"@type":"ListItem","position":2,"name":"Outsourcing"}]},{"@type":"WebSite","@id":"https:\/\/minditconsulting.com\/english\/#website","url":"https:\/\/minditconsulting.com\/english\/","name":"Mind IT Consulting","description":"Support, Attention to Services and IT Emergencies","potentialAction":[{"@type":"SearchAction","target":{"@type":"EntryPoint","urlTemplate":"https:\/\/minditconsulting.com\/english\/?s={search_term_string}"},"query-input":"required name=search_term_string"}],"inLanguage":"es"}]}},"_links":{"self":[{"href":"https:\/\/minditconsulting.com\/english\/wp-json\/wp\/v2\/pages\/66"}],"collection":[{"href":"https:\/\/minditconsulting.com\/english\/wp-json\/wp\/v2\/pages"}],"about":[{"href":"https:\/\/minditconsulting.com\/english\/wp-json\/wp\/v2\/types\/page"}],"author":[{"embeddable":true,"href":"https:\/\/minditconsulting.com\/english\/wp-json\/wp\/v2\/users\/1"}],"replies":[{"embeddable":true,"href":"https:\/\/minditconsulting.com\/english\/wp-json\/wp\/v2\/comments?post=66"}],"version-history":[{"count":19,"href":"https:\/\/minditconsulting.com\/english\/wp-json\/wp\/v2\/pages\/66\/revisions"}],"predecessor-version":[{"id":529,"href":"https:\/\/minditconsulting.com\/english\/wp-json\/wp\/v2\/pages\/66\/revisions\/529"}],"wp:attachment":[{"href":"https:\/\/minditconsulting.com\/english\/wp-json\/wp\/v2\/media?parent=66"}],"curies":[{"name":"wp","href":"https:\/\/api.w.org\/{rel}","templated":true}]}}